{"id":29,"date":"2023-10-13T02:47:00","date_gmt":"2023-10-13T00:47:00","guid":{"rendered":"https:\/\/dtfgirona.com\/?post_type=product&#038;p=29"},"modified":"2025-12-14T00:30:09","modified_gmt":"2025-12-13T23:30:09","slug":"dtf-textil-por-metros","status":"publish","type":"product","link":"https:\/\/dtfgirona.com\/index.php\/product\/dtf-textil-por-metros\/","title":{"rendered":"DTF Textil por metros"},"content":{"rendered":"<p>Descripci\u00f3n larga<\/p>\n","protected":false},"excerpt":{"rendered":"<ul>\n<li>DTF de alta calidad<\/li>\n<li>Film con retirada en caliente<\/li>\n<li>Retracci\u00f3n de la tinta blanca para evitar hilos blancos<\/li>\n<li>Polvo de gran agarre con grano fino<\/li>\n<li>Suave al tacto con la posiblidad de DTF tramado<\/li>\n<li>Tama\u00f1o de impresi\u00f3n: 55&#215;100 cm<\/li>\n<li>Aceptamos pliegos de m\u00e1ximo 55&#215;200 cm<\/li>\n<li>Formato PNG, con fondo transparente a 300 dpi<\/li>\n<li><strong>Si tienes tarifa de distribuidor profesional ver\u00e1s los precios con descuentos al a\u00f1adir al carrito.<\/strong><\/li>\n<\/ul>\n","protected":false},"featured_media":14,"template":"","meta":{"site-sidebar-layout":"default","site-content-layout":"","ast-site-content-layout":"default","site-content-style":"default","site-sidebar-style":"default","ast-global-header-display":"","ast-banner-title-visibility":"","ast-main-header-display":"","ast-hfb-above-header-display":"","ast-hfb-below-header-display":"","ast-hfb-mobile-header-display":"","site-post-title":"","ast-breadcrumbs-content":"","ast-featured-img":"","footer-sml-layout":"","theme-transparent-header-meta":"default","adv-header-id-meta":"","stick-header-meta":"","header-above-stick-meta":"","header-main-stick-meta":"","header-below-stick-meta":"","astra-migrate-meta-layouts":"set","ast-page-background-enabled":"default","ast-page-background-meta":{"desktop":{"background-color":"var(--ast-global-color-4)","background-image":"","background-repeat":"repeat","background-position":"center center","background-size":"auto","background-attachment":"scroll","background-type":"","background-media":"","overlay-type":"","overlay-color":"","overlay-opacity":"","overlay-gradient":""},"tablet":{"background-color":"","background-image":"","background-repeat":"repeat","background-position":"center center","background-size":"auto","background-attachment":"scroll","background-type":"","background-media":"","overlay-type":"","overlay-color":"","overlay-opacity":"","overlay-gradient":""},"mobile":{"background-color":"","background-image":"","background-repeat":"repeat","background-position":"center center","background-size":"auto","background-attachment":"scroll","background-type":"","background-media":"","overlay-type":"","overlay-color":"","overlay-opacity":"","overlay-gradient":""}},"ast-content-background-meta":{"desktop":{"background-color":"var(--ast-global-color-5)","background-image":"","background-repeat":"repeat","background-position":"center center","background-size":"auto","background-attachment":"scroll","background-type":"","background-media":"","overlay-type":"","overlay-color":"","overlay-opacity":"","overlay-gradient":""},"tablet":{"background-color":"var(--ast-global-color-5)","background-image":"","background-repeat":"repeat","background-position":"center center","background-size":"auto","background-attachment":"scroll","background-type":"","background-media":"","overlay-type":"","overlay-color":"","overlay-opacity":"","overlay-gradient":""},"mobile":{"background-color":"var(--ast-global-color-5)","background-image":"","background-repeat":"repeat","background-position":"center center","background-size":"auto","background-attachment":"scroll","background-type":"","background-media":"","overlay-type":"","overlay-color":"","overlay-opacity":"","overlay-gradient":""}}},"product_brand":[],"product_cat":[15],"product_tag":[],"class_list":{"0":"post-29","1":"product","2":"type-product","3":"status-publish","4":"has-post-thumbnail","6":"product_cat-uncategorized","7":"desktop-align-left","8":"tablet-align-left","9":"mobile-align-left","11":"first","12":"instock","13":"taxable","14":"shipping-taxable","15":"purchasable","16":"product-type-simple"},"yoast_head":"<!-- This site is optimized with the Yoast SEO plugin v26.0 - https:\/\/yoast.com\/wordpress\/plugins\/seo\/ -->\n<title>DTF Textil por metros - DTF Por metros Girona<\/title>\n<meta name=\"description\" content=\"Descubre nuestro DTF Textil por metros en Girona. Taller propio de impresi\u00f3n con m\u00e1s de 60 a\u00f1os imprimiendo para el sector textil. Servicio en Catalunya.\" \/>\n<meta name=\"robots\" content=\"index, follow, max-snippet:-1, max-image-preview:large, max-video-preview:-1\" \/>\n<link rel=\"canonical\" href=\"https:\/\/dtfgirona.com\/index.php\/product\/dtf-textil-por-metros\/\" \/>\n<meta property=\"og:locale\" content=\"es_ES\" \/>\n<meta property=\"og:type\" content=\"article\" \/>\n<meta property=\"og:title\" content=\"DTF Textil por metros - DTF Por metros Girona\" \/>\n<meta property=\"og:description\" content=\"Descubre nuestro DTF Textil por metros en Girona. Taller propio de impresi\u00f3n con m\u00e1s de 60 a\u00f1os imprimiendo para el sector textil. Servicio en Catalunya.\" \/>\n<meta property=\"og:url\" content=\"https:\/\/dtfgirona.com\/index.php\/product\/dtf-textil-por-metros\/\" \/>\n<meta property=\"og:site_name\" content=\"DTF Por metros Girona\" \/>\n<meta property=\"article:modified_time\" content=\"2025-12-13T23:30:09+00:00\" \/>\n<meta property=\"og:image\" content=\"https:\/\/dtfgirona.com\/wp-content\/uploads\/2023\/10\/cropped-FAVICON-DTF-GIRONA.png\" \/>\n\t<meta property=\"og:image:width\" content=\"512\" \/>\n\t<meta property=\"og:image:height\" content=\"512\" \/>\n\t<meta property=\"og:image:type\" content=\"image\/png\" \/>\n<meta name=\"twitter:card\" content=\"summary_large_image\" \/>\n<meta name=\"twitter:label1\" content=\"Tiempo de lectura\" \/>\n\t<meta name=\"twitter:data1\" content=\"1 minuto\" \/>\n<script type=\"application\/ld+json\" class=\"yoast-schema-graph\">{\"@context\":\"https:\/\/schema.org\",\"@graph\":[{\"@type\":\"WebPage\",\"@id\":\"https:\/\/dtfgirona.com\/index.php\/product\/dtf-textil-por-metros\/\",\"url\":\"https:\/\/dtfgirona.com\/index.php\/product\/dtf-textil-por-metros\/\",\"name\":\"DTF Textil por metros - DTF Por metros Girona\",\"isPartOf\":{\"@id\":\"https:\/\/dtfgirona.com\/#website\"},\"primaryImageOfPage\":{\"@id\":\"https:\/\/dtfgirona.com\/index.php\/product\/dtf-textil-por-metros\/#primaryimage\"},\"image\":{\"@id\":\"https:\/\/dtfgirona.com\/index.php\/product\/dtf-textil-por-metros\/#primaryimage\"},\"thumbnailUrl\":\"https:\/\/dtfgirona.com\/wp-content\/uploads\/2023\/10\/cropped-FAVICON-DTF-GIRONA.png\",\"datePublished\":\"2023-10-13T00:47:00+00:00\",\"dateModified\":\"2025-12-13T23:30:09+00:00\",\"description\":\"Descubre nuestro DTF Textil por metros en Girona. Taller propio de impresi\u00f3n con m\u00e1s de 60 a\u00f1os imprimiendo para el sector textil. Servicio en Catalunya.\",\"breadcrumb\":{\"@id\":\"https:\/\/dtfgirona.com\/index.php\/product\/dtf-textil-por-metros\/#breadcrumb\"},\"inLanguage\":\"es\",\"potentialAction\":[{\"@type\":\"ReadAction\",\"target\":[\"https:\/\/dtfgirona.com\/index.php\/product\/dtf-textil-por-metros\/\"]}]},{\"@type\":\"ImageObject\",\"inLanguage\":\"es\",\"@id\":\"https:\/\/dtfgirona.com\/index.php\/product\/dtf-textil-por-metros\/#primaryimage\",\"url\":\"https:\/\/dtfgirona.com\/wp-content\/uploads\/2023\/10\/cropped-FAVICON-DTF-GIRONA.png\",\"contentUrl\":\"https:\/\/dtfgirona.com\/wp-content\/uploads\/2023\/10\/cropped-FAVICON-DTF-GIRONA.png\",\"width\":512,\"height\":512},{\"@type\":\"BreadcrumbList\",\"@id\":\"https:\/\/dtfgirona.com\/index.php\/product\/dtf-textil-por-metros\/#breadcrumb\",\"itemListElement\":[{\"@type\":\"ListItem\",\"position\":1,\"name\":\"Portada\",\"item\":\"https:\/\/dtfgirona.com\/\"},{\"@type\":\"ListItem\",\"position\":2,\"name\":\"Tienda\",\"item\":\"https:\/\/dtfgirona.com\/index.php\/shop\/\"},{\"@type\":\"ListItem\",\"position\":3,\"name\":\"DTF Textil por metros\"}]},{\"@type\":\"WebSite\",\"@id\":\"https:\/\/dtfgirona.com\/#website\",\"url\":\"https:\/\/dtfgirona.com\/\",\"name\":\"DTF Por metros Girona\",\"description\":\"DTF Por metros servicios de impresi\u00f3n en Girona\",\"publisher\":{\"@id\":\"https:\/\/dtfgirona.com\/#organization\"},\"potentialAction\":[{\"@type\":\"SearchAction\",\"target\":{\"@type\":\"EntryPoint\",\"urlTemplate\":\"https:\/\/dtfgirona.com\/?s={search_term_string}\"},\"query-input\":{\"@type\":\"PropertyValueSpecification\",\"valueRequired\":true,\"valueName\":\"search_term_string\"}}],\"inLanguage\":\"es\"},{\"@type\":\"Organization\",\"@id\":\"https:\/\/dtfgirona.com\/#organization\",\"name\":\"DTF Por metros Girona\",\"url\":\"https:\/\/dtfgirona.com\/\",\"logo\":{\"@type\":\"ImageObject\",\"inLanguage\":\"es\",\"@id\":\"https:\/\/dtfgirona.com\/#\/schema\/logo\/image\/\",\"url\":\"https:\/\/dtfgirona.com\/wp-content\/uploads\/2023\/10\/cropped-LOGOTIPO-DTF-GIRONA-2.png\",\"contentUrl\":\"https:\/\/dtfgirona.com\/wp-content\/uploads\/2023\/10\/cropped-LOGOTIPO-DTF-GIRONA-2.png\",\"width\":817,\"height\":226,\"caption\":\"DTF Por metros Girona\"},\"image\":{\"@id\":\"https:\/\/dtfgirona.com\/#\/schema\/logo\/image\/\"}}]}<\/script>\n<!-- \/ Yoast SEO plugin. -->","yoast_head_json":{"title":"DTF Textil por metros - DTF Por metros Girona","description":"Descubre nuestro DTF Textil por metros en Girona. Taller propio de impresi\u00f3n con m\u00e1s de 60 a\u00f1os imprimiendo para el sector textil. Servicio en Catalunya.","robots":{"index":"index","follow":"follow","max-snippet":"max-snippet:-1","max-image-preview":"max-image-preview:large","max-video-preview":"max-video-preview:-1"},"canonical":"https:\/\/dtfgirona.com\/index.php\/product\/dtf-textil-por-metros\/","og_locale":"es_ES","og_type":"article","og_title":"DTF Textil por metros - DTF Por metros Girona","og_description":"Descubre nuestro DTF Textil por metros en Girona. Taller propio de impresi\u00f3n con m\u00e1s de 60 a\u00f1os imprimiendo para el sector textil. Servicio en Catalunya.","og_url":"https:\/\/dtfgirona.com\/index.php\/product\/dtf-textil-por-metros\/","og_site_name":"DTF Por metros Girona","article_modified_time":"2025-12-13T23:30:09+00:00","og_image":[{"width":512,"height":512,"url":"https:\/\/dtfgirona.com\/wp-content\/uploads\/2023\/10\/cropped-FAVICON-DTF-GIRONA.png","type":"image\/png"}],"twitter_card":"summary_large_image","twitter_misc":{"Tiempo de lectura":"1 minuto"},"schema":{"@context":"https:\/\/schema.org","@graph":[{"@type":"WebPage","@id":"https:\/\/dtfgirona.com\/index.php\/product\/dtf-textil-por-metros\/","url":"https:\/\/dtfgirona.com\/index.php\/product\/dtf-textil-por-metros\/","name":"DTF Textil por metros - DTF Por metros Girona","isPartOf":{"@id":"https:\/\/dtfgirona.com\/#website"},"primaryImageOfPage":{"@id":"https:\/\/dtfgirona.com\/index.php\/product\/dtf-textil-por-metros\/#primaryimage"},"image":{"@id":"https:\/\/dtfgirona.com\/index.php\/product\/dtf-textil-por-metros\/#primaryimage"},"thumbnailUrl":"https:\/\/dtfgirona.com\/wp-content\/uploads\/2023\/10\/cropped-FAVICON-DTF-GIRONA.png","datePublished":"2023-10-13T00:47:00+00:00","dateModified":"2025-12-13T23:30:09+00:00","description":"Descubre nuestro DTF Textil por metros en Girona. Taller propio de impresi\u00f3n con m\u00e1s de 60 a\u00f1os imprimiendo para el sector textil. Servicio en Catalunya.","breadcrumb":{"@id":"https:\/\/dtfgirona.com\/index.php\/product\/dtf-textil-por-metros\/#breadcrumb"},"inLanguage":"es","potentialAction":[{"@type":"ReadAction","target":["https:\/\/dtfgirona.com\/index.php\/product\/dtf-textil-por-metros\/"]}]},{"@type":"ImageObject","inLanguage":"es","@id":"https:\/\/dtfgirona.com\/index.php\/product\/dtf-textil-por-metros\/#primaryimage","url":"https:\/\/dtfgirona.com\/wp-content\/uploads\/2023\/10\/cropped-FAVICON-DTF-GIRONA.png","contentUrl":"https:\/\/dtfgirona.com\/wp-content\/uploads\/2023\/10\/cropped-FAVICON-DTF-GIRONA.png","width":512,"height":512},{"@type":"BreadcrumbList","@id":"https:\/\/dtfgirona.com\/index.php\/product\/dtf-textil-por-metros\/#breadcrumb","itemListElement":[{"@type":"ListItem","position":1,"name":"Portada","item":"https:\/\/dtfgirona.com\/"},{"@type":"ListItem","position":2,"name":"Tienda","item":"https:\/\/dtfgirona.com\/index.php\/shop\/"},{"@type":"ListItem","position":3,"name":"DTF Textil por metros"}]},{"@type":"WebSite","@id":"https:\/\/dtfgirona.com\/#website","url":"https:\/\/dtfgirona.com\/","name":"DTF Por metros Girona","description":"DTF Por metros servicios de impresi\u00f3n en Girona","publisher":{"@id":"https:\/\/dtfgirona.com\/#organization"},"potentialAction":[{"@type":"SearchAction","target":{"@type":"EntryPoint","urlTemplate":"https:\/\/dtfgirona.com\/?s={search_term_string}"},"query-input":{"@type":"PropertyValueSpecification","valueRequired":true,"valueName":"search_term_string"}}],"inLanguage":"es"},{"@type":"Organization","@id":"https:\/\/dtfgirona.com\/#organization","name":"DTF Por metros Girona","url":"https:\/\/dtfgirona.com\/","logo":{"@type":"ImageObject","inLanguage":"es","@id":"https:\/\/dtfgirona.com\/#\/schema\/logo\/image\/","url":"https:\/\/dtfgirona.com\/wp-content\/uploads\/2023\/10\/cropped-LOGOTIPO-DTF-GIRONA-2.png","contentUrl":"https:\/\/dtfgirona.com\/wp-content\/uploads\/2023\/10\/cropped-LOGOTIPO-DTF-GIRONA-2.png","width":817,"height":226,"caption":"DTF Por metros Girona"},"image":{"@id":"https:\/\/dtfgirona.com\/#\/schema\/logo\/image\/"}}]}},"_links":{"self":[{"href":"https:\/\/dtfgirona.com\/index.php\/wp-json\/wp\/v2\/product\/29","targetHints":{"allow":["GET"]}}],"collection":[{"href":"https:\/\/dtfgirona.com\/index.php\/wp-json\/wp\/v2\/product"}],"about":[{"href":"https:\/\/dtfgirona.com\/index.php\/wp-json\/wp\/v2\/types\/product"}],"wp:featuredmedia":[{"embeddable":true,"href":"https:\/\/dtfgirona.com\/index.php\/wp-json\/wp\/v2\/media\/14"}],"wp:attachment":[{"href":"https:\/\/dtfgirona.com\/index.php\/wp-json\/wp\/v2\/media?parent=29"}],"wp:term":[{"taxonomy":"product_brand","embeddable":true,"href":"https:\/\/dtfgirona.com\/index.php\/wp-json\/wp\/v2\/product_brand?post=29"},{"taxonomy":"product_cat","embeddable":true,"href":"https:\/\/dtfgirona.com\/index.php\/wp-json\/wp\/v2\/product_cat?post=29"},{"taxonomy":"product_tag","embeddable":true,"href":"https:\/\/dtfgirona.com\/index.php\/wp-json\/wp\/v2\/product_tag?post=29"}],"curies":[{"name":"wp","href":"https:\/\/api.w.org\/{rel}","templated":true}]}}